{"id":1332,"date":"2024-11-23T12:50:33","date_gmt":"2024-11-23T12:50:33","guid":{"rendered":"https:\/\/beeker.acke.website\/?page_id=1332"},"modified":"2025-12-29T11:15:50","modified_gmt":"2025-12-29T11:15:50","slug":"kontakt","status":"publish","type":"page","link":"https:\/\/beeker.acke.website\/ar\/kontakt\/","title":{"rendered":"Kontakt"},"content":{"rendered":"<div data-elementor-type=\"wp-page\" data-elementor-id=\"1332\" class=\"elementor elementor-1332\" data-elementor-post-type=\"page\">\n\t\t\t\t<div class=\"elementor-element elementor-element-b5248ed e-con-full e-flex e-con e-parent\" data-id=\"b5248ed\" data-element_type=\"container\">\n\t\t<div class=\"elementor-element elementor-element-f53110f e-con-full e-flex e-con e-child\" data-id=\"f53110f\" data-element_type=\"container\" data-settings=\"{&quot;background_background&quot;:&quot;classic&quot;}\">\n\t\t<div class=\"elementor-element elementor-element-84e5418 e-con-full animated-slow e-flex elementor-invisible e-con e-child\" data-id=\"84e5418\" data-element_type=\"container\" data-settings=\"{&quot;animation&quot;:&quot;fadeInDown&quot;}\">\n\t\t\t\t<div class=\"elementor-element elementor-element-0cc238f elementor-view-stacked elementor-tablet-position-block-start elementor-shape-rounded elementor-position-block-start elementor-mobile-position-block-start elementor-widget elementor-widget-icon-box\" data-id=\"0cc238f\" data-element_type=\"widget\" data-widget_type=\"icon-box.default\">\n\t\t\t\t<div class=\"elementor-widget-container\">\n\t\t\t\t\t\t\t<div class=\"elementor-icon-box-wrapper\">\n\n\t\t\t\t\t\t<div class=\"elementor-icon-box-icon\">\n\t\t\t\t<a href=\"https:\/\/maps.app.goo.gl\/3DmfcevWBRsgqxPB6\" target=\"_blank\" class=\"elementor-icon\" tabindex=\"-1\" aria-label=\"Adresa\">\n\t\t\t\t<svg xmlns=\"http:\/\/www.w3.org\/2000\/svg\" id=\"office_location\" height=\"512\" viewbox=\"0 0 128 128\" width=\"512\"><g><path id=\"_x36_\" d=\"m49.914 117.728c0 1.104-.877 2.009-1.981 2.009s-2.009-.905-2.009-2.009v-25.16c0-1.697.735-3.226 1.924-4.329 1.161-1.075 2.718-1.726 4.444-1.726h23.404c1.726 0 3.311.65 4.442 1.726 1.188 1.104 1.926 2.632 1.926 4.329v25.16c0 1.104-.878 2.009-1.982 2.009s-2.009-.905-2.009-2.009v-25.16c0-.537-.227-1.047-.623-1.414-.452-.396-1.047-.651-1.754-.651h-9.708v27.226c0 1.104-.876 2.009-1.98 2.009-1.103 0-2.009-.905-2.009-2.009v-27.227h-9.707c-.679 0-1.274.256-1.726.651-.396.367-.651.877-.651 1.414v25.161z\"><\/path><path id=\"_x35_\" d=\"m44.283 59.684h13.074c1.104 0 1.981.878 1.981 1.981v12.17c0 1.104-.877 1.979-1.981 1.979h-13.074c-1.104 0-1.981-.876-1.981-1.979v-12.17c-.001-1.103.877-1.981 1.981-1.981zm0-24.197h13.074c1.104 0 1.981.878 1.981 1.981v12.169c0 1.104-.877 1.981-1.981 1.981h-13.074c-1.104 0-1.981-.878-1.981-1.981v-12.168c-.001-1.104.877-1.982 1.981-1.982zm11.065 3.992h-9.056v8.149h9.056zm21.847 8.149c1.104 0 1.98.906 1.98 2.01s-.877 1.981-1.98 1.981h-6.537c-1.104 0-2.01-.878-2.01-1.981v-12.169c0-1.104.905-1.981 2.01-1.981 1.104 0 1.981.878 1.981 1.981v10.159zm-6.537 12.056h13.046c1.104 0 2.009.878 2.009 1.981v12.17c0 1.104-.905 1.979-2.009 1.979h-13.046c-1.104 0-2.01-.876-2.01-1.979v-12.17c0-1.103.906-1.981 2.01-1.981zm11.066 3.991h-9.084v8.15h9.084zm-26.376 0h-9.056v8.15h9.056z\"><\/path><path id=\"_x34_\" d=\"m97.627 61.298c-.565.934-1.781 1.273-2.716.707-.312-.198-.566-.452-.736-.735l-17.15-29.065c-.878-1.5-1.613-3.424-2.065-5.122-.454-1.755-.68-3.565-.68-5.434 0-5.972 2.406-11.376 6.339-15.311 3.906-3.904 9.311-6.338 15.311-6.338 5.971 0 11.376 2.434 15.31 6.339 3.905 3.935 6.34 9.339 6.34 15.311 0 1.868-.255 3.679-.707 5.434-.454 1.812-1.162 3.509-2.038 5.094zm-1.697-4.925 15.451-26.178c.708-1.273 1.274-2.66 1.642-4.103.367-1.416.565-2.887.565-4.443 0-4.868-1.979-9.282-5.178-12.48-3.198-3.197-7.613-5.179-12.48-5.179-4.896 0-9.311 1.981-12.508 5.179-3.171 3.198-5.151 7.612-5.151 12.48 0 1.557.197 3.027.538 4.443.367 1.414.933 2.773 1.612 4.046z\"><\/path><path id=\"_x33_\" d=\"m95.93 10.103c3.17 0 6.056 1.303 8.149 3.396 2.095 2.066 3.397 4.952 3.397 8.15 0 3.197-1.303 6.085-3.397 8.179-2.094 2.066-4.979 3.367-8.149 3.367-3.198 0-6.085-1.301-8.179-3.367-2.094-2.094-3.367-4.981-3.367-8.179s1.273-6.084 3.367-8.15c2.094-2.094 4.98-3.396 8.179-3.396zm5.32 6.198c-1.359-1.358-3.254-2.207-5.32-2.207-2.094 0-3.991.849-5.349 2.207-1.359 1.387-2.207 3.254-2.207 5.349 0 2.094.848 3.99 2.207 5.349 1.357 1.358 3.255 2.207 5.349 2.207 2.066 0 3.961-.849 5.32-2.207 1.386-1.358 2.235-3.255 2.235-5.349 0-2.095-.849-3.962-2.235-5.349z\"><\/path><path id=\"_x32_\" d=\"m105.154 97.21c-1.104 0-1.979-.905-1.979-2.009s.876-1.982 1.979-1.982h7.245c2.491 0 4.699 1.444 5.661 3.736l9.367 22.81c.396.962.537 1.925.424 2.887-.198 1.953-1.501 3.763-3.227 4.669-.877.453-1.839.68-2.857.68h-115.519c-1.019 0-1.981-.227-2.858-.68-1.755-.906-3.028-2.716-3.254-4.669-.085-.962.056-1.925.424-2.887l9.396-22.81c.962-2.292 3.169-3.736 5.66-3.736h7.188c1.104 0 1.981.879 1.981 1.982s-.877 2.009-1.981 2.009h-7.188c-.877 0-1.642.424-1.981 1.273l-9.367 22.809c-.142.313-.198.623-.17.935.085.651.538 1.245 1.104 1.557.311.142.65.227 1.047.227h115.52c.396 0 .735-.085 1.019-.227.595-.312 1.047-.905 1.104-1.557.028-.312 0-.622-.142-.935l-9.367-22.809c-.34-.85-1.104-1.273-1.981-1.273z\"><\/path><path id=\"_x31_\" d=\"m93.921 69.872c0-1.104.905-2.01 2.009-2.01s1.981.906 1.981 2.01v47.855c0 1.104-.878 2.009-1.981 2.009h-63.845c-1.104 0-1.981-.905-1.981-2.009v-87.474c0-1.698.736-3.227 1.925-4.33 1.132-1.076 2.717-1.755 4.443-1.755h31.497c1.104 0 1.981.905 1.981 2.01 0 1.104-.878 2.009-1.981 2.009h-31.497c-.708 0-1.302.227-1.754.651-.396.367-.623.877-.623 1.415v85.492h59.827v-45.873z\"><\/path><\/g><\/svg>\t\t\t\t<\/a>\n\t\t\t<\/div>\n\t\t\t\n\t\t\t\t\t\t<div class=\"elementor-icon-box-content\">\n\n\t\t\t\t\t\t\t\t\t<h3 class=\"elementor-icon-box-title\">\n\t\t\t\t\t\t<a href=\"https:\/\/maps.app.goo.gl\/3DmfcevWBRsgqxPB6\" target=\"_blank\" >\n\t\t\t\t\t\t\tAdresa\t\t\t\t\t\t<\/a>\n\t\t\t\t\t<\/h3>\n\t\t\t\t\n\t\t\t\t\t\t\t\t\t<p class=\"elementor-icon-box-description\">\n\t\t\t\t\t\tul. Safeta Mujica br. 2, Sarajevo, SCC,\nBosna i Hercegovina\t\t\t\t\t<\/p>\n\t\t\t\t\n\t\t\t<\/div>\n\t\t\t\n\t\t<\/div>\n\t\t\t\t\t\t<\/div>\n\t\t\t\t<\/div>\n\t\t\t\t<\/div>\n\t\t<div class=\"elementor-element elementor-element-b6328c7 e-con-full animated-slow e-flex elementor-invisible e-con e-child\" data-id=\"b6328c7\" data-element_type=\"container\" data-settings=\"{&quot;animation&quot;:&quot;fadeInDown&quot;}\">\n\t\t\t\t<div class=\"elementor-element elementor-element-c7c1ecf elementor-view-stacked elementor-tablet-position-block-start elementor-shape-rounded elementor-position-block-start elementor-mobile-position-block-start elementor-widget elementor-widget-icon-box\" data-id=\"c7c1ecf\" data-element_type=\"widget\" data-widget_type=\"icon-box.default\">\n\t\t\t\t<div class=\"elementor-widget-container\">\n\t\t\t\t\t\t\t<div class=\"elementor-icon-box-wrapper\">\n\n\t\t\t\t\t\t<div class=\"elementor-icon-box-icon\">\n\t\t\t\t<a href=\"tel:+491605006005\" target=\"_blank\" class=\"elementor-icon\" tabindex=\"-1\" aria-label=\"Telefon\">\n\t\t\t\t<svg xmlns=\"http:\/\/www.w3.org\/2000\/svg\" id=\"Layer_1\" height=\"512\" viewbox=\"0 0 512 512\" width=\"512\"><path d=\"m256 0c-141.159 0-256 114.841-256 256s114.841 256 256 256 256-114.841 256-256-114.841-256-256-256zm0 488c-127.925 0-232-104.075-232-232s104.075-232 232-232 232 104.075 232 232-104.075 232-232 232zm133.886-185.435c-.001 0-.001 0 0 0l-47.029-27.152c-7.201-4.157-15.604-5.259-23.659-3.101s-14.782 7.313-18.939 14.515c-2.412 4.179-6.637 9.436-13.064 10.75-5.862 1.199-11.037.036-15.821-3.554-17.674-13.264-40.13-35.72-53.396-53.396-3.59-4.784-4.753-9.96-3.554-15.82 1.314-6.429 6.571-10.653 10.75-13.065 14.891-8.599 20.011-27.708 11.414-42.599l-27.152-47.03c-7.777-13.468-23.929-19.117-38.402-13.434l-.563.221c-22.474 8.823-38.908 15.594-45.704 22.39-12.345 12.346-24.849 35.319-14.308 74.658 20.473 76.409 119.184 175.12 195.593 195.594 10.375 2.78 19.611 3.957 27.815 3.957 22.903 0 37.755-9.175 46.845-18.265 6.795-6.795 13.564-23.226 22.386-45.694l.225-.572c5.681-14.475.031-30.626-13.437-38.403zm-8.906 29.631-.225.573c-4.256 10.84-13.111 33.396-17.017 37.494-11.455 11.456-28.774 14.179-51.477 8.097-68.463-18.345-160.279-110.161-178.623-178.624-6.083-22.701-3.359-40.021 8.085-51.464 4.111-3.918 26.673-12.775 37.515-17.031l.564-.222c.899-.354 1.815-.522 2.711-.522 2.479 0 4.798 1.302 6.135 3.617l27.152 47.029c1.98 3.431.801 7.833-2.629 9.813-11.936 6.891-19.842 17.205-22.263 29.042-2.58 12.618.142 24.732 7.872 35.034 14.689 19.573 38.616 43.5 58.187 58.186 10.3 7.73 22.415 10.452 35.034 7.872 11.837-2.421 22.151-10.328 29.042-22.264.952-1.649 2.502-2.833 4.366-3.332 1.862-.498 3.797-.25 5.448.703l47.028 27.152c3.153 1.822 4.426 5.46 3.095 8.847z\"><\/path><\/svg>\t\t\t\t<\/a>\n\t\t\t<\/div>\n\t\t\t\n\t\t\t\t\t\t<div class=\"elementor-icon-box-content\">\n\n\t\t\t\t\t\t\t\t\t<h3 class=\"elementor-icon-box-title\">\n\t\t\t\t\t\t<a href=\"tel:+491605006005\" target=\"_blank\" >\n\t\t\t\t\t\t\tTelefon\t\t\t\t\t\t<\/a>\n\t\t\t\t\t<\/h3>\n\t\t\t\t\n\t\t\t\t\t\t\t\t\t<p class=\"elementor-icon-box-description\">\n\t\t\t\t\t\t+387 60 31 88 486  <strong>( Bosna )<\/strong> <br>\n+49 160 500 600 5 <strong>( Njema\u010dka ) <\/strong>\t\t\t\t\t<\/p>\n\t\t\t\t\n\t\t\t<\/div>\n\t\t\t\n\t\t<\/div>\n\t\t\t\t\t\t<\/div>\n\t\t\t\t<\/div>\n\t\t\t\t<\/div>\n\t\t<div class=\"elementor-element elementor-element-4093826 e-con-full animated-slow e-flex elementor-invisible e-con e-child\" data-id=\"4093826\" data-element_type=\"container\" data-settings=\"{&quot;animation&quot;:&quot;fadeInDown&quot;}\">\n\t\t\t\t<div class=\"elementor-element elementor-element-812b8a0 elementor-view-stacked elementor-tablet-position-block-start elementor-shape-rounded elementor-position-block-start elementor-mobile-position-block-start elementor-widget elementor-widget-icon-box\" data-id=\"812b8a0\" data-element_type=\"widget\" data-widget_type=\"icon-box.default\">\n\t\t\t\t<div class=\"elementor-widget-container\">\n\t\t\t\t\t\t\t<div class=\"elementor-icon-box-wrapper\">\n\n\t\t\t\t\t\t<div class=\"elementor-icon-box-icon\">\n\t\t\t\t<a href=\"mailto:info@beeker.acke.website\" target=\"_blank\" class=\"elementor-icon\" tabindex=\"-1\" aria-label=\"Email\">\n\t\t\t\t<svg xmlns=\"http:\/\/www.w3.org\/2000\/svg\" id=\"Layer_1\" height=\"512\" viewbox=\"0 0 512 512\" width=\"512\"><path d=\"m256 0c-141.159 0-256 114.841-256 256s114.841 256 256 256 256-114.841 256-256-114.841-256-256-256zm0 488c-127.925 0-232-104.075-232-232s104.075-232 232-232 232 104.075 232 232-104.075 232-232 232zm120.312-337.5h-240.625c-16.094 0-29.188 13.094-29.188 29.188v152.625c0 16.094 13.093 29.188 29.188 29.188h240.625c16.094 0 29.188-13.094 29.188-29.188v-152.625c0-16.094-13.094-29.188-29.188-29.188zm-18.089 24-102.223 81.177-102.224-81.177zm18.089 163h-240.625c-2.86 0-5.188-2.327-5.188-5.188v-145.65l118.038 93.735c2.185 1.735 4.824 2.603 7.462 2.603s5.278-.867 7.462-2.603l118.039-93.735v145.65c0 2.861-2.328 5.188-5.188 5.188z\"><\/path><\/svg>\t\t\t\t<\/a>\n\t\t\t<\/div>\n\t\t\t\n\t\t\t\t\t\t<div class=\"elementor-icon-box-content\">\n\n\t\t\t\t\t\t\t\t\t<h3 class=\"elementor-icon-box-title\">\n\t\t\t\t\t\t<a href=\"mailto:info@beeker.acke.website\" target=\"_blank\" >\n\t\t\t\t\t\t\tEmail\t\t\t\t\t\t<\/a>\n\t\t\t\t\t<\/h3>\n\t\t\t\t\n\t\t\t\t\t\t\t\t\t<p class=\"elementor-icon-box-description\">\n\t\t\t\t\t\tinfo@becker.ba\ninfo@moveline-solutions.de\t\t\t\t\t<\/p>\n\t\t\t\t\n\t\t\t<\/div>\n\t\t\t\n\t\t<\/div>\n\t\t\t\t\t\t<\/div>\n\t\t\t\t<\/div>\n\t\t\t\t<\/div>\n\t\t\t\t<\/div>\n\t\t<div class=\"elementor-element elementor-element-e100404 e-con-full e-flex e-con e-child\" data-id=\"e100404\" data-element_type=\"container\">\n\t\t\t\t<div class=\"elementor-element elementor-element-accb659 elementor-widget elementor-widget-google_maps\" data-id=\"accb659\" data-element_type=\"widget\" data-widget_type=\"google_maps.default\">\n\t\t\t\t<div class=\"elementor-widget-container\">\n\t\t\t\t\t\t\t<div class=\"elementor-custom-embed\">\n\t\t\t<iframe loading=\"lazy\"\n\t\t\t\t\tsrc=\"https:\/\/www.google.com\/maps\/embed\/v1\/place?key=AIzaSyA67LTp1j47E38TfXGZnohrufMaNSTsuGI&#038;q=ul.%20Safeta%20Mujica%20br.%202%2C%20Sarajevo%2C%20SCC%2C%20Bosna%20i%20Hercegovina&#038;zoom=11\"\n\t\t\t\t\ttitle=\"ul. Safeta Mujica br. 2, Sarajevo, SCC, Bosna i Hercegovina\"\n\t\t\t\t\taria-label=\"ul. Safeta Mujica br. 2, Sarajevo, SCC, Bosna i Hercegovina\"\n\t\t\t><\/iframe>\n\t\t<\/div>\n\t\t\t\t\t\t<\/div>\n\t\t\t\t<\/div>\n\t\t\t\t<\/div>\n\t\t<div class=\"elementor-element elementor-element-ca701d0 e-con-full e-flex e-con e-child\" data-id=\"ca701d0\" data-element_type=\"container\">\n\t\t<div class=\"elementor-element elementor-element-8b11f7d e-con-full e-flex e-con e-child\" data-id=\"8b11f7d\" data-element_type=\"container\">\n\t\t\t\t<div class=\"elementor-element elementor-element-c241070 animated-slow elementor-widget elementor-widget-heading\" data-id=\"c241070\" data-element_type=\"widget\" data-settings=\"{&quot;_animation&quot;:&quot;none&quot;}\" data-widget_type=\"heading.default\">\n\t\t\t\t<div class=\"elementor-widget-container\">\n\t\t\t\t\t<h2 class=\"elementor-heading-title elementor-size-default\">KONTAKTIRAJTE NAS<\/h2>\t\t\t\t<\/div>\n\t\t\t\t<\/div>\n\t\t\t\t<div class=\"elementor-element elementor-element-175f94b animated-slow elementor-widget elementor-widget-heading\" data-id=\"175f94b\" data-element_type=\"widget\" data-settings=\"{&quot;_animation&quot;:&quot;none&quot;,&quot;_animation_delay&quot;:100}\" data-widget_type=\"heading.default\">\n\t\t\t\t<div class=\"elementor-widget-container\">\n\t\t\t\t\t<h2 class=\"elementor-heading-title elementor-size-default\">Kontakt centar \u2014 <br>Becker.ba usluge i podr\u0161ka<\/h2>\t\t\t\t<\/div>\n\t\t\t\t<\/div>\n\t\t\t\t<div class=\"elementor-element elementor-element-c4f00a2 animated-slow elementor-widget elementor-widget-text-editor\" data-id=\"c4f00a2\" data-element_type=\"widget\" data-settings=\"{&quot;_animation&quot;:&quot;none&quot;,&quot;_animation_delay&quot;:200}\" data-widget_type=\"text-editor.default\">\n\t\t\t\t<div class=\"elementor-widget-container\">\n\t\t\t\t\t\t\t\t\t<p>Kontaktirajte nas ve\u0107 danas i recite nam \u0161ta vam je potrebno \u2014 bilo da se radi o \u010di\u0161\u0107enju i odr\u017eavanju objekta, sitnim popravkama, elektro ili vodoinstalaterskim radovima, grijanju i klimi, ure\u0111enju eksterijera ili redovnim obilascima i izvje\u0161tajima.<\/p><p>Na\u0161 tim je spreman da brzo odgovori, predlo\u017ei najbolje rje\u0161enje i dogovori termin bez komplikacija.<\/p><p><strong>Po\u0161aljite upit putem forme \u2014 javljamo se u najkra\u0107em roku.<\/strong><\/p>\t\t\t\t\t\t\t\t<\/div>\n\t\t\t\t<\/div>\n\t\t\t\t<div class=\"elementor-element elementor-element-b176f15 e-grid-align-left e-grid-align-tablet-left animated-slow elementor-shape-rounded elementor-grid-0 elementor-widget elementor-widget-social-icons\" data-id=\"b176f15\" data-element_type=\"widget\" data-settings=\"{&quot;_animation&quot;:&quot;none&quot;,&quot;_animation_delay&quot;:400}\" data-widget_type=\"social-icons.default\">\n\t\t\t\t<div class=\"elementor-widget-container\">\n\t\t\t\t\t\t\t<div class=\"elementor-social-icons-wrapper elementor-grid\" role=\"list\">\n\t\t\t\t\t\t\t<span class=\"elementor-grid-item\" role=\"listitem\">\n\t\t\t\t\t<a class=\"elementor-icon elementor-social-icon elementor-social-icon-facebook elementor-repeater-item-b68714a\" href=\"#\" target=\"_blank\">\n\t\t\t\t\t\t<span class=\"elementor-screen-only\">Facebook<\/span>\n\t\t\t\t\t\t<svg aria-hidden=\"true\" class=\"e-font-icon-svg e-fab-facebook\" viewbox=\"0 0 512 512\" xmlns=\"http:\/\/www.w3.org\/2000\/svg\"><path d=\"M504 256C504 119 393 8 256 8S8 119 8 256c0 123.78 90.69 226.38 209.25 245V327.69h-63V256h63v-54.64c0-62.15 37-96.48 93.67-96.48 27.14 0 55.52 4.84 55.52 4.84v61h-31.28c-30.8 0-40.41 19.12-40.41 38.73V256h68.78l-11 71.69h-57.78V501C413.31 482.38 504 379.78 504 256z\"><\/path><\/svg>\t\t\t\t\t<\/a>\n\t\t\t\t<\/span>\n\t\t\t\t\t\t\t<span class=\"elementor-grid-item\" role=\"listitem\">\n\t\t\t\t\t<a class=\"elementor-icon elementor-social-icon elementor-social-icon-instagram elementor-repeater-item-fe894ab\" href=\"#\" target=\"_blank\">\n\t\t\t\t\t\t<span class=\"elementor-screen-only\">Instagram<\/span>\n\t\t\t\t\t\t<svg aria-hidden=\"true\" class=\"e-font-icon-svg e-fab-instagram\" viewbox=\"0 0 448 512\" xmlns=\"http:\/\/www.w3.org\/2000\/svg\"><path d=\"M224.1 141c-63.6 0-114.9 51.3-114.9 114.9s51.3 114.9 114.9 114.9S339 319.5 339 255.9 287.7 141 224.1 141zm0 189.6c-41.1 0-74.7-33.5-74.7-74.7s33.5-74.7 74.7-74.7 74.7 33.5 74.7 74.7-33.6 74.7-74.7 74.7zm146.4-194.3c0 14.9-12 26.8-26.8 26.8-14.9 0-26.8-12-26.8-26.8s12-26.8 26.8-26.8 26.8 12 26.8 26.8zm76.1 27.2c-1.7-35.9-9.9-67.7-36.2-93.9-26.2-26.2-58-34.4-93.9-36.2-37-2.1-147.9-2.1-184.9 0-35.8 1.7-67.6 9.9-93.9 36.1s-34.4 58-36.2 93.9c-2.1 37-2.1 147.9 0 184.9 1.7 35.9 9.9 67.7 36.2 93.9s58 34.4 93.9 36.2c37 2.1 147.9 2.1 184.9 0 35.9-1.7 67.7-9.9 93.9-36.2 26.2-26.2 34.4-58 36.2-93.9 2.1-37 2.1-147.8 0-184.8zM398.8 388c-7.8 19.6-22.9 34.7-42.6 42.6-29.5 11.7-99.5 9-132.1 9s-102.7 2.6-132.1-9c-19.6-7.8-34.7-22.9-42.6-42.6-11.7-29.5-9-99.5-9-132.1s-2.6-102.7 9-132.1c7.8-19.6 22.9-34.7 42.6-42.6 29.5-11.7 99.5-9 132.1-9s102.7-2.6 132.1 9c19.6 7.8 34.7 22.9 42.6 42.6 11.7 29.5 9 99.5 9 132.1s2.7 102.7-9 132.1z\"><\/path><\/svg>\t\t\t\t\t<\/a>\n\t\t\t\t<\/span>\n\t\t\t\t\t\t\t<span class=\"elementor-grid-item\" role=\"listitem\">\n\t\t\t\t\t<a class=\"elementor-icon elementor-social-icon elementor-social-icon-x-twitter elementor-repeater-item-44ed375\" href=\"#\" target=\"_blank\">\n\t\t\t\t\t\t<span class=\"elementor-screen-only\">X-twitter<\/span>\n\t\t\t\t\t\t<svg aria-hidden=\"true\" class=\"e-font-icon-svg e-fab-x-twitter\" viewbox=\"0 0 512 512\" xmlns=\"http:\/\/www.w3.org\/2000\/svg\"><path d=\"M389.2 48h70.6L305.6 224.2 487 464H345L233.7 318.6 106.5 464H35.8L200.7 275.5 26.8 48H172.4L272.9 180.9 389.2 48zM364.4 421.8h39.1L151.1 88h-42L364.4 421.8z\"><\/path><\/svg>\t\t\t\t\t<\/a>\n\t\t\t\t<\/span>\n\t\t\t\t\t\t\t<span class=\"elementor-grid-item\" role=\"listitem\">\n\t\t\t\t\t<a class=\"elementor-icon elementor-social-icon elementor-social-icon-linkedin elementor-repeater-item-27cf7f8\" href=\"#\" target=\"_blank\">\n\t\t\t\t\t\t<span class=\"elementor-screen-only\">Linkedin<\/span>\n\t\t\t\t\t\t<svg aria-hidden=\"true\" class=\"e-font-icon-svg e-fab-linkedin\" viewbox=\"0 0 448 512\" xmlns=\"http:\/\/www.w3.org\/2000\/svg\"><path d=\"M416 32H31.9C14.3 32 0 46.5 0 64.3v383.4C0 465.5 14.3 480 31.9 480H416c17.6 0 32-14.5 32-32.3V64.3c0-17.8-14.4-32.3-32-32.3zM135.4 416H69V202.2h66.5V416zm-33.2-243c-21.3 0-38.5-17.3-38.5-38.5S80.9 96 102.2 96c21.2 0 38.5 17.3 38.5 38.5 0 21.3-17.2 38.5-38.5 38.5zm282.1 243h-66.4V312c0-24.8-.5-56.7-34.5-56.7-34.6 0-39.9 27-39.9 54.9V416h-66.4V202.2h63.7v29.2h.9c8.9-16.8 30.6-34.5 62.9-34.5 67.2 0 79.7 44.3 79.7 101.9V416z\"><\/path><\/svg>\t\t\t\t\t<\/a>\n\t\t\t\t<\/span>\n\t\t\t\t\t<\/div>\n\t\t\t\t\t\t<\/div>\n\t\t\t\t<\/div>\n\t\t\t\t<\/div>\n\t\t<div class=\"elementor-element elementor-element-56053d1 e-con-full e-flex elementor-invisible e-con e-child\" data-id=\"56053d1\" data-element_type=\"container\" data-settings=\"{&quot;background_background&quot;:&quot;classic&quot;,&quot;animation&quot;:&quot;fadeIn&quot;}\">\n\t\t\t\t<div class=\"elementor-element elementor-element-839bf19 elementor-button-align-start elementor-mobile-button-align-stretch elementor-widget elementor-widget-form\" data-id=\"839bf19\" data-element_type=\"widget\" data-settings=\"{&quot;step_next_label&quot;:&quot;Next&quot;,&quot;step_previous_label&quot;:&quot;Previous&quot;,&quot;button_width&quot;:&quot;100&quot;,&quot;step_type&quot;:&quot;number_text&quot;,&quot;step_icon_shape&quot;:&quot;circle&quot;}\" data-widget_type=\"form.default\">\n\t\t\t\t<div class=\"elementor-widget-container\">\n\t\t\t\t\t\t\t<form class=\"elementor-form\" method=\"post\" name=\"New Form\" aria-label=\"New Form\" action=\"\">\n\t\t\t<input type=\"hidden\" name=\"post_id\" value=\"1332\"\/>\n\t\t\t<input type=\"hidden\" name=\"form_id\" value=\"839bf19\"\/>\n\t\t\t<input type=\"hidden\" name=\"referer_title\" value=\"Kontakt\" \/>\n\n\t\t\t\t\t\t\t<input type=\"hidden\" name=\"queried_id\" value=\"1332\"\/>\n\t\t\t\n\t\t\t<div class=\"elementor-form-fields-wrapper elementor-labels-above\">\n\t\t\t\t\t\t\t\t<div class=\"elementor-field-type-text elementor-field-group elementor-column elementor-field-group-name elementor-col-50\">\n\t\t\t\t\t\t\t\t\t\t\t\t<label for=\"form-field-name\" class=\"elementor-field-label\">\n\t\t\t\t\t\t\t\tVa\u0161e ime\t\t\t\t\t\t\t<\/label>\n\t\t\t\t\t\t\t\t\t\t\t\t\t\t<input size=\"1\" type=\"text\" name=\"form_fields[name]\" id=\"form-field-name\" class=\"elementor-field elementor-size-sm  elementor-field-textual\" placeholder=\"Va\u0161e ime\">\n\t\t\t\t\t\t\t\t\t\t\t<\/div>\n\t\t\t\t\t\t\t\t<div class=\"elementor-field-type-email elementor-field-group elementor-column elementor-field-group-email elementor-col-50 elementor-field-required\">\n\t\t\t\t\t\t\t\t\t\t\t\t<label for=\"form-field-email\" class=\"elementor-field-label\">\n\t\t\t\t\t\t\t\tE-Mail adresa\t\t\t\t\t\t\t<\/label>\n\t\t\t\t\t\t\t\t\t\t\t\t\t\t<input size=\"1\" type=\"email\" name=\"form_fields[email]\" id=\"form-field-email\" class=\"elementor-field elementor-size-sm  elementor-field-textual\" placeholder=\"E-Mail adresa\" required=\"required\">\n\t\t\t\t\t\t\t\t\t\t\t<\/div>\n\t\t\t\t\t\t\t\t<div class=\"elementor-field-type-text elementor-field-group elementor-column elementor-field-group-field_03dfc28 elementor-col-50 elementor-field-required\">\n\t\t\t\t\t\t\t\t\t\t\t\t<label for=\"form-field-field_03dfc28\" class=\"elementor-field-label\">\n\t\t\t\t\t\t\t\tBroj telefona\t\t\t\t\t\t\t<\/label>\n\t\t\t\t\t\t\t\t\t\t\t\t\t\t<input size=\"1\" type=\"text\" name=\"form_fields[field_03dfc28]\" id=\"form-field-field_03dfc28\" class=\"elementor-field elementor-size-sm  elementor-field-textual\" placeholder=\"Broj telefona\" required=\"required\">\n\t\t\t\t\t\t\t\t\t\t\t<\/div>\n\t\t\t\t\t\t\t\t<div class=\"elementor-field-type-text elementor-field-group elementor-column elementor-field-group-field_50282f5 elementor-col-50 elementor-field-required\">\n\t\t\t\t\t\t\t\t\t\t\t\t<label for=\"form-field-field_50282f5\" class=\"elementor-field-label\">\n\t\t\t\t\t\t\t\tPredmet\t\t\t\t\t\t\t<\/label>\n\t\t\t\t\t\t\t\t\t\t\t\t\t\t<input size=\"1\" type=\"text\" name=\"form_fields[field_50282f5]\" id=\"form-field-field_50282f5\" class=\"elementor-field elementor-size-sm  elementor-field-textual\" placeholder=\"Predmet\" required=\"required\">\n\t\t\t\t\t\t\t\t\t\t\t<\/div>\n\t\t\t\t\t\t\t\t<div class=\"elementor-field-type-textarea elementor-field-group elementor-column elementor-field-group-message elementor-col-100\">\n\t\t\t\t\t\t\t\t\t\t\t\t<label for=\"form-field-message\" class=\"elementor-field-label\">\n\t\t\t\t\t\t\t\tNapi\u0161ite poruku\t\t\t\t\t\t\t<\/label>\n\t\t\t\t\t\t<textarea class=\"elementor-field-textual elementor-field  elementor-size-sm\" name=\"form_fields[message]\" id=\"form-field-message\" rows=\"4\" placeholder=\"Napi\u0161ite poruku\"><\/textarea>\t\t\t\t<\/div>\n\t\t\t\t\t\t\t\t<div class=\"elementor-field-group elementor-column elementor-field-type-submit elementor-col-100 e-form__buttons\">\n\t\t\t\t\t<button class=\"elementor-button elementor-size-lg\" type=\"submit\">\n\t\t\t\t\t\t<span class=\"elementor-button-content-wrapper\">\n\t\t\t\t\t\t\t\t\t\t\t\t\t\t\t\t\t\t\t\t\t\t<span class=\"elementor-button-text\">PO\u0160ALJI UPIT<\/span>\n\t\t\t\t\t\t\t\t\t\t\t\t\t<\/span>\n\t\t\t\t\t<\/button>\n\t\t\t\t<\/div>\n\t\t\t<\/div>\n\t\t<input type=\"hidden\" name=\"trp-form-language\" value=\"ar\"\/><\/form>\n\t\t\t\t\t\t<\/div>\n\t\t\t\t<\/div>\n\t\t\t\t<\/div>\n\t\t\t\t<\/div>\n\t\t\t\t<\/div>\n\t\t\t\t<\/div>","protected":false},"excerpt":{"rendered":"<p>Startseite \/ Adresa ul. Safeta Mujica br. 2, Sarajevo, SCC, Bosna i Hercegovina Telefon +387 60 31 88 486 ( Bosna ) +49 160 500 600 5 ( Njema\u010dka ) Email info@becker.ba info@moveline-solutions.de KONTAKTIRAJTE NAS Kontakt centar \u2014 Becker.ba usluge i podr\u0161ka Kontaktirajte nas ve\u0107 danas i recite nam \u0161ta vam je potrebno \u2014 bilo [&hellip;]<\/p>","protected":false},"author":1,"featured_media":0,"parent":0,"menu_order":0,"comment_status":"closed","ping_status":"closed","template":"","meta":{"_acf_changed":false,"footnotes":""},"class_list":["post-1332","page","type-page","status-publish","hentry"],"acf":[],"_links":{"self":[{"href":"https:\/\/beeker.acke.website\/ar\/wp-json\/wp\/v2\/pages\/1332","targetHints":{"allow":["GET"]}}],"collection":[{"href":"https:\/\/beeker.acke.website\/ar\/wp-json\/wp\/v2\/pages"}],"about":[{"href":"https:\/\/beeker.acke.website\/ar\/wp-json\/wp\/v2\/types\/page"}],"author":[{"embeddable":true,"href":"https:\/\/beeker.acke.website\/ar\/wp-json\/wp\/v2\/users\/1"}],"replies":[{"embeddable":true,"href":"https:\/\/beeker.acke.website\/ar\/wp-json\/wp\/v2\/comments?post=1332"}],"version-history":[{"count":27,"href":"https:\/\/beeker.acke.website\/ar\/wp-json\/wp\/v2\/pages\/1332\/revisions"}],"predecessor-version":[{"id":1755,"href":"https:\/\/beeker.acke.website\/ar\/wp-json\/wp\/v2\/pages\/1332\/revisions\/1755"}],"wp:attachment":[{"href":"https:\/\/beeker.acke.website\/ar\/wp-json\/wp\/v2\/media?parent=1332"}],"curies":[{"name":"wp","href":"https:\/\/api.w.org\/{rel}","templated":true}]}}